{"id":607,"date":"2019-04-19T12:57:19","date_gmt":"2019-04-19T12:57:19","guid":{"rendered":"http:\/\/glksjaworjp.pl\/?page_id=607"},"modified":"2019-04-19T12:57:19","modified_gmt":"2019-04-19T12:57:19","slug":"program-dzialania-2019-2023","status":"publish","type":"page","link":"https:\/\/glksjaworjp.eu\/?page_id=607","title":{"rendered":"Program dzia\u0142ania 2019-2023"},"content":{"rendered":"\n<p style=\"text-align:center\">PROGRAM DZIA\u0141ANIA Gminnego Ludowego Klubu Sportowego \u201eJAWOR 1955\u201d w Jaworniku Polskim na lata 2019 \u2013 2023<\/p>\n\n\n\n<p style=\"text-align:left\">Gminny Ludowy Klub Sportowy \u201eJAWOR 1955 \u201d w Jaworniku Polskim, zwany dalej ,,Klubem\u201d,&nbsp;jest gminnym uczniowskim klubem sportowym realizuj\u0105cym cele i zadania w zakresie&nbsp;upowszechniania kultury fizycznej i sportu w\u015br\u00f3d dzieci i m\u0142odzie\u017cy.<\/p>\n\n\n\n<p><strong>Klub ten b\u0119dzie w latach 2019 \u2013 2023 wykonywa\u0142 swoje zadania statutowe poprzez:<\/strong><\/p>\n\n\n\n<p>1. Organizowanie pozalekcyjnego \u017cycia sportowego dzieci i m\u0142odzie\u017cy, w tym organizowanie dzia\u0142alno\u015bci sportowej ze szczeg\u00f3lnym uwzgl\u0119dnieniem funkcji zdrowotnych.<\/p>\n\n\n\n<p>2. Szkolenie zawodnik\u00f3w, w tym m\u0142odzie\u017cy szk\u00f3\u0142 podstawowych, gimnazjalnych i szk\u00f3\u0142 \u015brednich \u2013mieszka\u0144c\u00f3w gminy Jawornik Polski, w sekcjach: pi\u0142ki no\u017cnej, narciarstwa klasycznego, tenisa sto\u0142owego, siatk\u00f3wki i szach\u00f3w.<\/p>\n\n\n\n<p>3. Stwarzanie warunk\u00f3w do uprawiania sportu w gminie poprzez udzia\u0142 w szkoleniach, wnioskowanie o dofinansowanie dzia\u0142alno\u015bci sportowej Klubu przez Gmin\u0119 na szkolenia i zakup stroj\u00f3w i sprz\u0119tu sportowego, oraz wnioskowanie o zakup stroj\u00f3w i sprz\u0119tu sportowego przez sponsor\u00f3w.<\/p>\n\n\n\n<p>4. Organizowanie zawod\u00f3w sportowych na terenie gminy w narciarstwie klasycznym, szachach, tenisie sto\u0142owym, siatk\u00f3wce i pi\u0142ce no\u017cnej.<\/p>\n\n\n\n<p>5. Przygotowanie sportowe reprezentacji wsi: Jawornik Polski i Jawornik Przedmie\u015bcie, Widacz\u00f3w i Hucisko Jawornickie, oraz Hadle Szklarskie i Hadle Ka\u0144czuckie w tych dyscyplinach do zawod\u00f3w z cyklu \u201e<strong>O PUCHAR W\u00d3JTA GMINY JAWORNIK POLSKI<\/strong>\u201d<\/p>\n\n\n\n<p>6. Udzia\u0142 tych sekcji w zawodach i rozgrywkach ligowych, organizowanych przez zwi\u0105zki sportowe,&nbsp;<strong>Podkarpackie Zrzeszenie LUDOWE ZESPO\u0141Y SPORTOWE<\/strong>, inne zrzeszenia i inne podmioty.<\/p>\n\n\n\n<p>7. Organizowanie imprez sportowych i kulturalnych przez cz\u0142onk\u00f3w GLKS \u201eJAWOR 1955\u201d z przeznaczeniem dochod\u00f3w na cele statutowe Klubu.<\/p>\n\n\n\n<p>8. Wsp\u00f3\u0142dzia\u0142anie z w\u0142adzami samorz\u0105dowymi gminy, oraz dyrekcjami szk\u00f3\u0142 z terenu gminy Jawornik Polski w organizowaniu dzia\u0142alno\u015bci sportowej.<\/p>\n\n\n\n<p>9.Wsp\u00f3\u0142praca z innymi klubami sportowymi z terenu gminy w organizowaniu zawod\u00f3w sportowych.<\/p>\n\n\n\n<p>10. Kszta\u0142towanie pozytywnych cech charakteru i osobowo\u015bci poprzez uczestnictwo w realizacji zada\u0144 sportowych Klubu, oraz promowanie zasad etyki sportowej w\u015br\u00f3d zawodnik\u00f3w i kibic\u00f3w.<\/p>\n\n\n\n<p>11. Prowadzenie profilaktycznej dzia\u0142alno\u015bci informacyjnej i edukacyjnej dla m\u0142odzie\u017cy zagro\u017conej, zgodnie z art.4 ustawy o wychowaniu w trze\u017awo\u015bci.<\/p>\n\n\n\n<p>12. Udzielanie pomocy m\u0142odzie\u017cy uzale\u017cnionej w wyrwaniu si\u0119 z na\u0142og\u00f3w poprzez zach\u0119canie ich do czynnego uprawiania sportu na prowadzonych przez Klub pozalekcyjnych zaj\u0119ciach sportowych.<\/p>\n\n\n\n<p>uchwalono na Walnym Zebraniu Sprawozdawczo Wyborczym<\/p>\n\n\n\n<p>Cz\u0142onk\u00f3w GLKS \u201eJAWOR 1955\u201d w Jaworniku Polskim w dniu 24.02.2019 r.<\/p>\n\n\n\n<p><strong>Przewodnicz\u0105cy Walnego Zebrania<\/strong><\/p>\n","protected":false},"excerpt":{"rendered":"<p>PROGRAM DZIA\u0141ANIA Gminnego Ludowego Klubu Sportowego \u201eJAWOR 1955\u201d w Jaworniku Polskim na lata 2019 \u2013 2023 Gminny Ludowy Klub Sportowy \u201eJAWOR 1955 \u201d w Jaworniku Polskim, zwany dalej ,,Klubem\u201d,&nbsp;jest gminnym uczniowskim klubem sportowym realizuj\u0105cym cele i zadania w zakresie&nbsp;upowszechniania kultury fizycznej i sportu w\u015br\u00f3d dzieci i m\u0142odzie\u017cy. Klub ten b\u0119dzie w latach 2019 \u2013 2023 [&hellip;]<\/p>\n","protected":false},"author":1,"featured_media":0,"parent":0,"menu_order":0,"comment_status":"closed","ping_status":"closed","template":"","meta":{"_exactmetrics_skip_tracking":false,"_exactmetrics_sitenote_active":false,"_exactmetrics_sitenote_note":"","_exactmetrics_sitenote_category":0,"footnotes":""},"class_list":["post-607","page","type-page","status-publish","hentry"],"_links":{"self":[{"href":"https:\/\/glksjaworjp.eu\/index.php?rest_route=\/wp\/v2\/pages\/607","targetHints":{"allow":["GET"]}}],"collection":[{"href":"https:\/\/glksjaworjp.eu\/index.php?rest_route=\/wp\/v2\/pages"}],"about":[{"href":"https:\/\/glksjaworjp.eu\/index.php?rest_route=\/wp\/v2\/types\/page"}],"author":[{"embeddable":true,"href":"https:\/\/glksjaworjp.eu\/index.php?rest_route=\/wp\/v2\/users\/1"}],"replies":[{"embeddable":true,"href":"https:\/\/glksjaworjp.eu\/index.php?rest_route=%2Fwp%2Fv2%2Fcomments&post=607"}],"version-history":[{"count":1,"href":"https:\/\/glksjaworjp.eu\/index.php?rest_route=\/wp\/v2\/pages\/607\/revisions"}],"predecessor-version":[{"id":608,"href":"https:\/\/glksjaworjp.eu\/index.php?rest_route=\/wp\/v2\/pages\/607\/revisions\/608"}],"wp:attachment":[{"href":"https:\/\/glksjaworjp.eu\/index.php?rest_route=%2Fwp%2Fv2%2Fmedia&parent=607"}],"curies":[{"name":"wp","href":"https:\/\/api.w.org\/{rel}","templated":true}]}}