{"id":252,"date":"2018-11-28T21:11:27","date_gmt":"2018-11-28T21:11:27","guid":{"rendered":"http:\/\/glksjaworjp.pl\/?page_id=252"},"modified":"2018-11-28T21:11:27","modified_gmt":"2018-11-28T21:11:27","slug":"jubileusz-70-lecia-powolania-ludowych-zespolow-sportowych","status":"publish","type":"page","link":"https:\/\/glksjaworjp.eu\/?page_id=252","title":{"rendered":"Jubileusz 70-lecia powo\u0142ania Ludowych Zespo\u0142\u00f3w Sportowych"},"content":{"rendered":"<p style=\"text-align: justify;\" align=\"JUSTIFY\"><span style=\"font-family: Times New Roman, serif;\"><span style=\"font-size: medium;\"><img loading=\"lazy\" decoding=\"async\" class=\"alignleft size-full wp-image-253\" src=\"https:\/\/glksjaworjp.eu\/wp-content\/uploads\/2018\/11\/70.png\" alt=\"\" width=\"472\" height=\"318\" srcset=\"https:\/\/glksjaworjp.eu\/wp-content\/uploads\/2018\/11\/70.png 472w, https:\/\/glksjaworjp.eu\/wp-content\/uploads\/2018\/11\/70-300x202.png 300w, https:\/\/glksjaworjp.eu\/wp-content\/uploads\/2018\/11\/70-1x1.png 1w\" sizes=\"auto, (max-width: 472px) 100vw, 472px\" \/>9 lipca br. w sali konferencyjnej Starostwa Powiatowego w Przeworsku odby\u0142o si\u0119 spotkanie z okazji Jubileuszu 70-lecia powo\u0142ania Ludowych Zespo\u0142\u00f3w Sportowych.<\/span><\/span><\/p>\n<p style=\"text-align: justify;\" align=\"JUSTIFY\"><span style=\"font-family: Times New Roman, serif;\"><span style=\"font-size: medium;\">W spotkaniu udzia\u0142 wzi\u0119li zas\u0142u\u017ceni dzia\u0142acze, by\u0142e zawodniczki i zawodnicy LZS reprezentuj\u0105cy powiat przeworski w zawodach sportowych wojew\u00f3dzkich i krajowych, przewodnicz\u0105cy Ludowych Klub\u00f3w Sportowych z powiatu przeworskiego oraz przedstawiciele Klub\u00f3w Sportowych MKS Przeworsk, MKS Ka\u0144czuga oraz \u201eDynovii\u201d Dyn\u00f3w.<\/span><\/span><\/p>\n<p style=\"text-align: justify;\"><span style=\"font-family: Times New Roman, serif;\"><span style=\"font-size: medium;\">W spotkaniu wzi\u0119li udzia\u0142: &#8211; Prezes Podkarpackiego Zrzeszenia LZS w Rzeszowie \u2013 J\u00f3zef Krzywonos &#8211; Sekretarz Podkarpackiego Zrzeszenia LZS w Rzeszowie \u2013 Andrzej Matejski &#8211; Prezes Podkarpackiego TKKF Komitet Olimpijski w Rzeszowie \u2013 Mieczys\u0142aw Doskocz &#8211; Wicestarosta Przeworski \u2013 Janusz Owsiak &#8211; Przewodnicz\u0105cy Rady Powiatu Przeworskiego \u2013 Tadeusz Kie\u0142bowicz &#8211; Przewodnicz\u0105cy Powiatowego Zrzeszenia LZS \u2013 Jan Kapusta &#8211; W\u00f3jt Gminy Jaros\u0142aw \u2013 Roman Kalamarz &#8211; Komendant Powiatowy PSP w Przeworsku \u2013 Janusz Flak &#8211; Wiceburmistrz Miasta i Gminy Sieniawa \u2013 Janusz \u015awit &#8211; Sekretarze Gmin: Przeworsk, Ga\u0107, Try\u0144cza &#8211; Przedstawiciel Muzeum w Przeworsku \u2013 Ma\u0142gorzata Wo\u0142oszyn.<\/span><\/span><\/p>\n<p style=\"text-align: justify;\" align=\"JUSTIFY\"><span style=\"font-family: Times New Roman, serif;\"><span style=\"font-size: medium;\">W trakcie uroczysto\u015bci zas\u0142u\u017conym dzia\u0142aczom wr\u0119czono odznaczenia, medale 70-lecia Ludowych Zespo\u0142\u00f3w Sportowych oraz pami\u0105tkowe dyplomy Ludowym Zespo\u0142om Sportowym obchodz\u0105cym jubileusz 70-lecia powo\u0142ania LZS w swojej miejscowo\u015bci.<\/span><\/span><\/p>\n<p style=\"text-align: justify;\" align=\"JUSTIFY\"><span style=\"font-family: Times New Roman, serif;\"><span style=\"font-size: medium;\">Odznak\u0119 \u201eZas\u0142u\u017cony Dzia\u0142acz LZS\u201d przyznana przez Krajowe Zrzeszenie LZS w Warszawie otrzymali:<\/span><\/span><\/p>\n<p style=\"text-align: justify;\"><span style=\"font-family: Times New Roman, serif;\"><span style=\"font-size: medium;\">1. Jan Kruk \u2013 Nowosielce 2. Henryk Pieczek \u2013 Gorzyce 3. Jan Ky\u0107 \u2013 Majdan Sieniawski<\/span><\/span><\/p>\n<p style=\"text-align: justify;\"><span style=\"font-family: Times New Roman, serif;\"><span style=\"font-size: medium;\">Medale 70-lecia LZS otrzymali: 1.\u00a0 Helena Krogulecka \u2013 Przeworsk 2. Janina Lorenc \u2013 \u015awi\u0119toniowa 3. Danuta Cicho\u0144 \u2013 Pantalowice 4. Maria Gurak \u2013 Gniewczyna 5. Mieczys\u0142aw Golba \u2013 Rzesz\u00f3w 6. Zbigniew Kiszka \u2013 Urzejowice 7. Tadeusz Kie\u0142bowicz \u2013 Zarzecze 8. Tadeusz Misie\u0144ko \u2013 Urzejowice 9. Mieczys\u0142aw Doskocz- Rzesz\u00f3w 10. Roman Kalamarz \u2013 Studzian 11. Mieczys\u0142aw Dzieduszy\u0144ski \u2013 Przeworsk 12. Marek Mirkiewicz- Przeworsk 13. Adam Wo\u015b \u2013 Sieniawa 14. Janusz \u015awit \u2013 Sieniawa 15. Edward Jarmuziewicz \u2013 Adam\u00f3wka 16. Ryszard J\u0119druch \u2013 Try\u0144cza 17. Gra\u017cyna Pieni\u0105\u017cek \u2013 Ga\u0107 18. Franciszek Kie\u0142basa \u2013 Przeworsk 19. Andrzej Oleszek \u2013 Przeworsk 20. Ryszard Piku\u0142o \u2013 Krzeczowice 21. Andrzej Koz\u0142owski \u2013 Krzeczowice 22. Stanis\u0142aw Gurak \u2013 Gniewczyna 23. Jerzy Tabisz \u2013 Ka\u0144czuga 24. Stanis\u0142aw Leszaj \u2013 Ujezna 25. Zdzis\u0142aw Mroczka \u2013 Mirocin 26. Zygmunt Szumilak \u2013 Zarzecze <b>27. Marian Jaremkiewicz \u2013 Jawornik Polski <\/b> 28. Roman Kozyra \u2013 Gniewczyna 29. Jan Kapusta \u2013 Studzian 30. Jan Byrwa \u2013 Pantalowice 31. Tadeusz Kijanka \u2013 Studzian 32. Stanis\u0142aw Szpi\u0142yk \u2013 Ka\u0144czuga 33. W\u0142adys\u0142aw Szybicki \u2013 Urzejowice 34. Wojciech Kiszka \u2013 Przeworsk 35. Karol Benbenek \u2013 Przeworsk.<\/span><\/span><\/p>\n<p style=\"text-align: justify;\"><span style=\"font-family: Times New Roman, serif;\"><span style=\"font-size: medium;\">Pami\u0105tkowe dyplomy dla Ludowych Klub\u00f3w Sportowych otrzymali: 1. LKS \u201eB\u0142\u0119kitni\u201d Grz\u0119ska 2. LKS \u201eGacovia\u201d Ga\u0107 3. LKS \u201e\u017buraw\u201d Zurawiczki 4. LKS \u201eGorliczanka\u201d Gorliczyna 5. LKS \u201ePiast\u201d Nowosielce 6. LKS \u201eStart\u201d Mirocin 7. LKS \u201ePromyk\u201d Urzejowice 8. LKS \u201eHuragan\u201d Gniewczyna 9. LKS \u201eWis\u0142ok\u201d \u015awi\u0119toniowa 10. LZS Ka\u0144czuga 11. MKS \u201eSok\u00f3\u0142\u201d Sieniawa 12. LKS \u201eB\u0142yskawica\u201d Rozb\u00f3rz 13. TS \u201eDynovia\u201d Dyn\u00f3w.<\/span><\/span><\/p>\n<p style=\"text-align: justify;\" align=\"JUSTIFY\"><span style=\"font-family: Times New Roman, serif;\"><span style=\"font-size: medium;\">Spotkanie zosta\u0142o zorganizowane wsp\u00f3lnie przez Starostwo Powiatowe w Przeworsku i Powiatowe Zrzeszenie Ludowe Zespo\u0142y Sportowe. Pocz\u0119stunek dla uczestnik\u00f3w zorganizowa\u0142o SP w Przeworsku oraz pan Karol Benbenek \u2013 w\u0142a\u015bciciel Zak\u0142adu Rze\u017aniczo \u2013 W\u0119dliniarskiego w Przeworsku.<\/span><\/span><\/p>\n<p style=\"text-align: justify;\" align=\"JUSTIFY\">\n<p style=\"text-align: justify;\" align=\"RIGHT\"><span style=\"font-family: Times New Roman, serif;\"><span style=\"font-size: medium;\"><em>Jan Kapusta &#8211; Prezes PZ LZS w Przeworsku<\/em><\/span><\/span><\/p>\n","protected":false},"excerpt":{"rendered":"<p>9 lipca br. w sali konferencyjnej Starostwa Powiatowego w Przeworsku odby\u0142o si\u0119 spotkanie z okazji Jubileuszu 70-lecia powo\u0142ania Ludowych Zespo\u0142\u00f3w Sportowych. W spotkaniu udzia\u0142 wzi\u0119li zas\u0142u\u017ceni dzia\u0142acze, by\u0142e zawodniczki i zawodnicy LZS reprezentuj\u0105cy powiat przeworski w zawodach sportowych wojew\u00f3dzkich i krajowych, przewodnicz\u0105cy Ludowych Klub\u00f3w Sportowych z powiatu przeworskiego oraz przedstawiciele Klub\u00f3w Sportowych MKS Przeworsk, MKS [&hellip;]<\/p>\n","protected":false},"author":1,"featured_media":0,"parent":0,"menu_order":0,"comment_status":"closed","ping_status":"closed","template":"","meta":{"_exactmetrics_skip_tracking":false,"_exactmetrics_sitenote_active":false,"_exactmetrics_sitenote_note":"","_exactmetrics_sitenote_category":0,"footnotes":""},"class_list":["post-252","page","type-page","status-publish","hentry"],"_links":{"self":[{"href":"https:\/\/glksjaworjp.eu\/index.php?rest_route=\/wp\/v2\/pages\/252","targetHints":{"allow":["GET"]}}],"collection":[{"href":"https:\/\/glksjaworjp.eu\/index.php?rest_route=\/wp\/v2\/pages"}],"about":[{"href":"https:\/\/glksjaworjp.eu\/index.php?rest_route=\/wp\/v2\/types\/page"}],"author":[{"embeddable":true,"href":"https:\/\/glksjaworjp.eu\/index.php?rest_route=\/wp\/v2\/users\/1"}],"replies":[{"embeddable":true,"href":"https:\/\/glksjaworjp.eu\/index.php?rest_route=%2Fwp%2Fv2%2Fcomments&post=252"}],"version-history":[{"count":1,"href":"https:\/\/glksjaworjp.eu\/index.php?rest_route=\/wp\/v2\/pages\/252\/revisions"}],"predecessor-version":[{"id":254,"href":"https:\/\/glksjaworjp.eu\/index.php?rest_route=\/wp\/v2\/pages\/252\/revisions\/254"}],"wp:attachment":[{"href":"https:\/\/glksjaworjp.eu\/index.php?rest_route=%2Fwp%2Fv2%2Fmedia&parent=252"}],"curies":[{"name":"wp","href":"https:\/\/api.w.org\/{rel}","templated":true}]}}