{"id":246,"date":"2018-11-28T21:07:28","date_gmt":"2018-11-28T21:07:28","guid":{"rendered":"http:\/\/glksjaworjp.pl\/?page_id=246"},"modified":"2018-11-28T21:07:28","modified_gmt":"2018-11-28T21:07:28","slug":"60-lat-sekcji-narciarstwa-klasycznego","status":"publish","type":"page","link":"https:\/\/glksjaworjp.eu\/?page_id=246","title":{"rendered":"60 lat sekcji narciarstwa klasycznego"},"content":{"rendered":"<p style=\"text-align: justify;\"><span style=\"font-size: small;\">Gminny Ludowy Klub Sportowy &#8222;JAWOR 1955&#8221; w Jaworniku Polskim, kontynuuje tradycj\u0119 LUDOWEGO ZESPO\u0141U SPORTOWEGO w Jaworniku Polskim, za\u0142o\u017conego prawdopodobnie w roku 1955 (w\/g najstarszego dyplomu klubowego) przez b. dyrektora Szko\u0142y Podstawowej w Jaworniku Polskim \u015a.p. Jana Stawarza, kt\u00f3ry by\u0142 jego pierwszym Prezesem.<\/span><\/p>\n<p style=\"text-align: justify;\"><span style=\"font-size: small;\">Po nim LZS prowadzili kolejno: Franciszek Jurek, Zygmunt Jamrozik, Wojciech Pie\u0144czak, Czes\u0142aw K\u0105dzio\u0142ka, Wies\u0142aw Nabielec, Anna \u017bak i Marian Jaremkiewicz.<\/span><\/p>\n<p style=\"text-align: justify;\"><span style=\"font-size: small;\">Najstarsz\u0105 sekcj\u0105 w LZS w Jaworniku Polskim jest sekcja narciarstwa klasycznego. Zawodnicy LZS byli mistrzami wojew\u00f3dztwa rzeszowskiego w latach 1955, 1956, 1966 i uczestnikami Mistrzostw Polski w roku 1966. W roku 1983 zdobyli VI miejsce na Mistrzostwach Polski LOK w biathlonie, reprezentuj\u0105c wojew\u00f3dztwo przemyskie. Wyr\u00f3\u017cniaj\u0105cymi si\u0119 zawodnikami tej sekcji byli: Jurek Franciszek, Roman Makarski, Henryk Go\u0142\u0105b, Czes\u0142aw i Wac\u0142aw K\u0105dzio\u0142ka, Jan i Mieczys\u0142aw Potoczny. <\/span><\/p>\n<p style=\"text-align: justify;\"><span style=\"font-size: small;\">W roku 1985 LZS ten przemiano na LUDOWY ZESP\u00d3\u0141 SPORTOWY &#8222;<\/span><span style=\"font-family: Monotype Corsiva, cursive;\"><span style=\"font-size: small;\">JAWOR<\/span><\/span><span style=\"font-size: small;\">&#8221; w Jaworniku Polskim.<\/span><\/p>\n<p style=\"text-align: justify;\"><span style=\"font-size: small;\">Natomiast od dnia 27 lipca 1986 roku, w wyniku po\u0142\u0105czenia LUDOWEGO ZESPO\u0141U SPORTOWEGO &#8222;<\/span><span style=\"font-family: Monotype Corsiva, cursive;\"><span style=\"font-size: small;\">JAWOR&#8221;<\/span><\/span><span style=\"font-size: small;\"> w Jaworniku Polskim i LUDOWYCH ZESPO\u0141\u00d3W SPORTOWYCH w Hucisku Jawornickim, Hadlach Szklarskich, Hadlach Ka\u0144czuckich powsta\u0142 Gminny Ludowy Klub Sportowy &#8222;JAWOR&#8221; w Jaworniku Polskim. <\/span><span style=\"font-size: small;\">Na pocz\u0105tku w klubie powsta\u0142y trzy sekcje: narciarstwa klasycznego, tenisa sto\u0142owego i pi\u0142ki no\u017cnej, a p\u00f3\u017aniej sekcje siatk\u00f3wki i szachowa. <\/span><\/p>\n<p style=\"text-align: justify;\"><span style=\"font-size: small;\">Zawodnicy narciarstwa klasycznego zdobyli w latach 1986-88 dru\u017cynowe Mistrzostwo Wojew\u00f3dztwa Przemyskiego i i czo\u0142owe miejsca indywidualne w kategorii junior\u00f3w i senior\u00f3w, oraz XVI miejsce na Dru\u017cynowych Mistrzostwach Polski. Wyr\u00f3\u017cniaj\u0105cymi si\u0119 zawodnikami tej sekcji byli: Anna Padewska, Danuta Dobosz, Czes\u0142aw K\u0105dzio\u0142ka, Andrzej Makarski, Wies\u0142aw i Les\u0142aw Nabielec, Janusz Jamrozik, Zbigniew \u017bak, Tadeusz Jamrozik, Stanis\u0142aw Makara, Feliks Potoczny, Zbigniew Mikulec, Zbigniew Flisak, Ryszard Litwin, Adam Kuchci\u0144ski, W\u0142adys\u0142aw, Czes\u0142aw, Jan i Bogdan \u017bak, Tadeusz i Stanis\u0142aw Jurek, Bogdan i Mariusz Czarnik, Bogdan Jamrozik, Waldemar Warcho\u0142, Tadeusz Jaworski, Zbigniew Dzimira, Tadeusz Pieni\u0105dz, Piotr W\u00f3jcik, Grzegorz Jarosz, Wojciech Dzik, Grzegorz Ferenc, Mariusz St\u0119pak, Andrzej Go\u0142\u0105b, Marek Makarski. <\/span><\/p>\n<p style=\"text-align: justify;\"><span style=\"font-size: small;\">Niestety, dzia\u0142alno\u015b\u0107 sekcji od roku 1990 z powodu braku funduszy zosta\u0142a zawieszona.<\/span><\/p>\n<p style=\"text-align: justify;\"><span style=\"font-size: small;\">Sekcja wznowi\u0142a dzia\u0142alno\u015b\u0107 w roku 2000, a zawodnicy jej brali udzia\u0142 co roku w Mistrzostwa Gminy na \u0141ysej G\u00f3rze w Jaworniku Przedmie\u015bcie, Gimnazjadzie w Ustrzykach Dolnych w 2003 r., w biegach narciarskich w Jedliczu w 2006 r., <\/span><\/p>\n<p style=\"text-align: justify;\"><span style=\"font-size: small;\">w zawodach z cyklu \u201eBieg na Igrzyska\u201d w Ustrzykach Dolnych i Tomaszowie Lubelskim w roku 2010 roku zajmuj\u0105c tam dobre miejsca. Na pocz\u0105tku biegali w niej: Marek Padewski, Szczepan Pa\u0142ys, Artur Szmulik, Jakub Jamrozik, Marcin Warcho\u0142, Grzegorz Warcho\u0142, Piotr Warcho\u0142, Grzegorz \u017burawski, Adam i Karol Jamrozik, Iwona Jamrozik, El\u017cbieta Padewska, Alicja Warcho\u0142, a od roku 2010 doszli zawodnicy: Marek Kr\u00f3l, Kamil Potoczny, Rafa\u0142 Pisarek, Zbigniew Kawali\u0142o, Micha\u0142 Bury, Aleksander Szmulik, Mateusz Pelc, Kamil Warcho\u0142, Patryk Warcho\u0142. <\/span><\/p>\n<p style=\"text-align: justify;\"><span style=\"font-family: Arial, sans-serif;\"><span style=\"font-size: small;\">W dniu <\/span><\/span><span style=\"font-family: Arial, sans-serif;\"><span style=\"font-size: small;\"><b>8.01.2011 r.<\/b><\/span><\/span><span style=\"font-family: Arial, sans-serif;\"><span style=\"font-size: small;\"> GLKS <\/span><\/span><span style=\"font-family: Arial, sans-serif;\"><span style=\"font-size: small;\">\u201e<\/span><\/span><span style=\"font-family: Monotype Corsiva, cursive;\"><span style=\"font-size: small;\">JAWOR<\/span><\/span><span style=\"font-family: Arial, sans-serif;\"><span style=\"font-size: small;\">\u201d <\/span><\/span><span style=\"font-family: Arial, sans-serif;\"><span style=\"font-size: small;\">w Jaworniku Polskim zmieni\u0142 nazw\u0119 na <\/span><\/span><span style=\"font-family: Arial, sans-serif;\"><span style=\"font-size: small;\"><b>Gminny Ludowy Klub Sportowy <\/b><\/span><\/span><span style=\"font-family: Arial, sans-serif;\"><span style=\"font-size: small;\"><b>\u201e<\/b><\/span><\/span><span style=\"font-family: Monotype Corsiva, cursive;\"><span style=\"font-size: small;\"><b>JAWOR 1955<\/b><\/span><\/span><span style=\"font-family: Arial, sans-serif;\"><span style=\"font-size: small;\"><b>\u201d<\/b><\/span><\/span> <span style=\"font-family: Arial, sans-serif;\"><span style=\"font-size: small;\">w Jaworniku Polskim.<\/span><\/span><\/p>\n","protected":false},"excerpt":{"rendered":"<p>Gminny Ludowy Klub Sportowy &#8222;JAWOR 1955&#8221; w Jaworniku Polskim, kontynuuje tradycj\u0119 LUDOWEGO ZESPO\u0141U SPORTOWEGO w Jaworniku Polskim, za\u0142o\u017conego prawdopodobnie w roku 1955 (w\/g najstarszego dyplomu klubowego) przez b. dyrektora Szko\u0142y Podstawowej w Jaworniku Polskim \u015a.p. Jana Stawarza, kt\u00f3ry by\u0142 jego pierwszym Prezesem. Po nim LZS prowadzili kolejno: Franciszek Jurek, Zygmunt Jamrozik, Wojciech Pie\u0144czak, Czes\u0142aw K\u0105dzio\u0142ka, [&hellip;]<\/p>\n","protected":false},"author":1,"featured_media":0,"parent":0,"menu_order":0,"comment_status":"closed","ping_status":"closed","template":"","meta":{"_exactmetrics_skip_tracking":false,"_exactmetrics_sitenote_active":false,"_exactmetrics_sitenote_note":"","_exactmetrics_sitenote_category":0,"footnotes":""},"class_list":["post-246","page","type-page","status-publish","hentry"],"_links":{"self":[{"href":"https:\/\/glksjaworjp.eu\/index.php?rest_route=\/wp\/v2\/pages\/246","targetHints":{"allow":["GET"]}}],"collection":[{"href":"https:\/\/glksjaworjp.eu\/index.php?rest_route=\/wp\/v2\/pages"}],"about":[{"href":"https:\/\/glksjaworjp.eu\/index.php?rest_route=\/wp\/v2\/types\/page"}],"author":[{"embeddable":true,"href":"https:\/\/glksjaworjp.eu\/index.php?rest_route=\/wp\/v2\/users\/1"}],"replies":[{"embeddable":true,"href":"https:\/\/glksjaworjp.eu\/index.php?rest_route=%2Fwp%2Fv2%2Fcomments&post=246"}],"version-history":[{"count":1,"href":"https:\/\/glksjaworjp.eu\/index.php?rest_route=\/wp\/v2\/pages\/246\/revisions"}],"predecessor-version":[{"id":247,"href":"https:\/\/glksjaworjp.eu\/index.php?rest_route=\/wp\/v2\/pages\/246\/revisions\/247"}],"wp:attachment":[{"href":"https:\/\/glksjaworjp.eu\/index.php?rest_route=%2Fwp%2Fv2%2Fmedia&parent=246"}],"curies":[{"name":"wp","href":"https:\/\/api.w.org\/{rel}","templated":true}]}}