{"id":222,"date":"2018-11-28T18:17:50","date_gmt":"2018-11-28T18:17:50","guid":{"rendered":"http:\/\/glksjaworjp.pl\/?page_id=222"},"modified":"2019-11-26T07:48:03","modified_gmt":"2019-11-26T07:48:03","slug":"siedziba-klubu","status":"publish","type":"page","link":"https:\/\/glksjaworjp.eu\/?page_id=222","title":{"rendered":"Siedziba Klubu"},"content":{"rendered":"<p><strong>Siedziba klubu znajduj\u0119 si\u0119 w budynku O\u015brodka Zdrowia w Jaworniku Polskim (pod aptek\u0105)<\/strong><\/p>\n<p><iframe loading=\"lazy\" src=\"https:\/\/www.google.com\/maps\/embed?pb=!1m18!1m12!1m3!1d321.3132334230053!2d22.284816307038195!3d49.88930542519752!2m3!1f0!2f0!3f0!3m2!1i1024!2i768!4f13.1!3m3!1m2!1s0x473c8baa8e54a123%3A0xf6358e1ff27cea3e!2sApteka!5e0!3m2!1spl!2spl!4v1574754407293!5m2!1spl!2spl\" width=\"600\" height=\"450\" frameborder=\"0\" style=\"border:0;\" allowfullscreen=\"\"><\/iframe><\/p>\n","protected":false},"excerpt":{"rendered":"<p>Siedziba klubu znajduj\u0119 si\u0119 w budynku O\u015brodka Zdrowia w Jaworniku Polskim (pod aptek\u0105)<\/p>\n","protected":false},"author":1,"featured_media":0,"parent":0,"menu_order":0,"comment_status":"closed","ping_status":"closed","template":"","meta":{"_exactmetrics_skip_tracking":false,"_exactmetrics_sitenote_active":false,"_exactmetrics_sitenote_note":"","_exactmetrics_sitenote_category":0,"footnotes":""},"class_list":["post-222","page","type-page","status-publish","hentry"],"_links":{"self":[{"href":"https:\/\/glksjaworjp.eu\/index.php?rest_route=\/wp\/v2\/pages\/222","targetHints":{"allow":["GET"]}}],"collection":[{"href":"https:\/\/glksjaworjp.eu\/index.php?rest_route=\/wp\/v2\/pages"}],"about":[{"href":"https:\/\/glksjaworjp.eu\/index.php?rest_route=\/wp\/v2\/types\/page"}],"author":[{"embeddable":true,"href":"https:\/\/glksjaworjp.eu\/index.php?rest_route=\/wp\/v2\/users\/1"}],"replies":[{"embeddable":true,"href":"https:\/\/glksjaworjp.eu\/index.php?rest_route=%2Fwp%2Fv2%2Fcomments&post=222"}],"version-history":[{"count":3,"href":"https:\/\/glksjaworjp.eu\/index.php?rest_route=\/wp\/v2\/pages\/222\/revisions"}],"predecessor-version":[{"id":669,"href":"https:\/\/glksjaworjp.eu\/index.php?rest_route=\/wp\/v2\/pages\/222\/revisions\/669"}],"wp:attachment":[{"href":"https:\/\/glksjaworjp.eu\/index.php?rest_route=%2Fwp%2Fv2%2Fmedia&parent=222"}],"curies":[{"name":"wp","href":"https:\/\/api.w.org\/{rel}","templated":true}]}}